{"id":8,"date":"2023-01-19T00:21:21","date_gmt":"2023-01-19T00:21:21","guid":{"rendered":"https:\/\/consolar.org\/?page_id=8"},"modified":"2026-03-18T21:03:19","modified_gmt":"2026-03-19T00:03:19","slug":"consolar","status":"publish","type":"page","link":"https:\/\/consolar.org\/","title":{"rendered":"In\u00edcio"},"content":{"rendered":"\n\n\t\t\t<div class=\"display-post-types\">\n\n\t\t\t\t\t\t\t<style type=\"text\/css\">\n\t\t\t#dpt-wrapper-321 { --dpt-text-align: center;--dpt-excerpt-align-margin-right: auto; --dpt-excerpt-align-margin-left: auto;--dpt-image-crop: center;--dpt-border-radius: 5px;--dpt-small-grid-column: 33.33%;--dpt-large-grid-column: 25%;--dpt-h-gutter: 4px;--dpt-v-gutter: 2.5px; }\t\t\t<\/style>\n\t\t\t<style type=\"text\/css\">#dpt-wrapper-321 { --dpt-title-font-style:normal;--dpt-title-font-weight:600;--dpt-title-line-height:1;--dpt-title-text-decoration:none;--dpt-title-text-transform:none;--dpt-excerpt-font-style:normal;--dpt-excerpt-font-weight:400;--dpt-excerpt-line-height:1.5;--dpt-excerpt-text-decoration:none;--dpt-excerpt-text-transform:none;--dpt-meta1-font-style:normal;--dpt-meta1-font-weight:400;--dpt-meta1-line-height:1.9;--dpt-meta1-text-decoration:none;--dpt-meta1-text-transform:none;--dpt-meta2-font-style:normal;--dpt-meta2-font-weight:400;--dpt-meta2-line-height:1.9;--dpt-meta2-text-decoration:none;--dpt-meta2-text-transform:none;--dpt-wrapper-entry-padding:10px 10px 10px 10px;--dpt-wrapper-br-width:0px 0px 0px 0px;--dpt-wrapper-width:80%;--dpt-wrapper-br-radius:5px 5px 5px 5px;--dpt-wrapper-br-color:; }<\/style>\t\t\t\n\t\t\t\t<div id=\"dpt-wrapper-321\" class=\"dpt-wrapper dpt-grid1 wdscrn multi-col dpt-cropped dpt-flex-wrap dpt-content-wraptype\" >\n\n\t\t\t\t\t\t\t\t\t\t\t<div class=\"dpt-entry has-thumbnail\" data-title=\"vou levar o meu bocado\" data-id=\"728\"  data-category=\"uncategorized\">\n\t\t\t\t\t\t\t<div class=\"dpt-entry-wrapper\"><div class=\" dpt-featured-content\"><div class=\" dpt-permalink\"><a href=\"https:\/\/consolar.org\/?p=728\" class=\"dpt-permalink\"><span class=\"screen-reader-text\">Vou Levar o Meu Bocado<\/span><\/a><\/div><div class=\" dpt-thumbnail\"><div class=\"dpt-thumbnail-inner\"><img width=\"1200\" height=\"509\" class=\"attachment-full size-full\" alt=\"\" context=\"dpt\" data-dpt-src=\"https:\/\/consolar.org\/wp-content\/uploads\/2011\/01\/meubocado.jpg\" data-dpt-sizes=\"(max-width: 1200px) 100vw, 1200px\" data-dpt-srcset=\"https:\/\/consolar.org\/wp-content\/uploads\/2011\/01\/meubocado.jpg 1200w, https:\/\/consolar.org\/wp-content\/uploads\/2011\/01\/meubocado-300x127.jpg 300w, https:\/\/consolar.org\/wp-content\/uploads\/2011\/01\/meubocado-1024x434.jpg 1024w, https:\/\/consolar.org\/wp-content\/uploads\/2011\/01\/meubocado-768x326.jpg 768w\" \/><\/div><span class=\"dpt-thumbnail-aspect-ratio\" style=\"padding-top: 56.25%\"><\/span><\/div><\/div><div class=\" sub-entry\"><h3 class=\" dpt-title\"><a class=\"dpt-title-link\" href=\"https:\/\/consolar.org\/?p=728\" rel=\"bookmark\">Vou Levar o Meu Bocado<\/a><\/h3><div class=\"dpt-meta1 dpt-meta\"><div class=\" dpt-author\"><a href=\"https:\/\/consolar.org\/?author=2\"><span>Pr Luiz Rubem de Freitas<\/span><\/a><\/div><\/div><div class=\" dpt-excerpt\">\"E, tendo Judas tomado o bocado, o p\u00e3o, saiu logo. E era j\u00e1 noite\" (Jo\u00e3o 13.30). No Evangelho de Jo\u00e3o cap\u00edtulo 13, Jesus indica qual de seus disc\u00edpulos O trairia em breve. Naquela ceia com<p class=\"dpt-has-teaser dpt-link-more\"><a class=\"dpt-more-link\" href=\"https:\/\/consolar.org\/?p=728\"><span>Continuar lendo<\/span> <span class=\"screen-reader-text\">Vou Levar o Meu Bocado<\/span><\/a><\/p><\/div><\/div><\/div>\n\t\t\t\t\t\t<\/div><!-- .dpt-entry -->\n\t\t\t\t\t\t\t\t\t\t\t\t<div class=\"dpt-entry has-thumbnail\" data-title=\"o sol e a lua n\u00e3o s\u00e3o maiores que deus\" data-id=\"668\"  data-category=\"uncategorized\">\n\t\t\t\t\t\t\t<div class=\"dpt-entry-wrapper\"><div class=\" dpt-featured-content\"><div class=\" dpt-permalink\"><a href=\"https:\/\/consolar.org\/?p=668\" class=\"dpt-permalink\"><span class=\"screen-reader-text\">O Sol e a Lua N\u00e3o S\u00e3o Maiores Que Deus<\/span><\/a><\/div><div class=\" dpt-thumbnail\"><div class=\"dpt-thumbnail-inner\"><img width=\"1200\" height=\"538\" class=\"attachment-full size-full\" alt=\"\" context=\"dpt\" data-dpt-src=\"https:\/\/consolar.org\/wp-content\/uploads\/2011\/12\/solluanaosaomaioresqueDeus.jpg\" data-dpt-sizes=\"(max-width: 1200px) 100vw, 1200px\" data-dpt-srcset=\"https:\/\/consolar.org\/wp-content\/uploads\/2011\/12\/solluanaosaomaioresqueDeus.jpg 1200w, https:\/\/consolar.org\/wp-content\/uploads\/2011\/12\/solluanaosaomaioresqueDeus-300x135.jpg 300w, https:\/\/consolar.org\/wp-content\/uploads\/2011\/12\/solluanaosaomaioresqueDeus-1024x459.jpg 1024w, https:\/\/consolar.org\/wp-content\/uploads\/2011\/12\/solluanaosaomaioresqueDeus-768x344.jpg 768w\" \/><\/div><span class=\"dpt-thumbnail-aspect-ratio\" style=\"padding-top: 56.25%\"><\/span><\/div><\/div><div class=\" sub-entry\"><h3 class=\" dpt-title\"><a class=\"dpt-title-link\" href=\"https:\/\/consolar.org\/?p=668\" rel=\"bookmark\">O Sol e a Lua N\u00e3o S\u00e3o Maiores Que Deus<\/a><\/h3><div class=\"dpt-meta1 dpt-meta\"><div class=\" dpt-author\"><a href=\"https:\/\/consolar.org\/?author=2\"><span>Pr Luiz Rubem de Freitas<\/span><\/a><\/div><\/div><div class=\" dpt-excerpt\">\"O sol n\u00e3o te molestar\u00e1 de dia nem a lua de noite\" (Salmos 121.6) Quando estamos com Deus, nem as maiores estrelas nem os menores luminares do c\u00e9u nos molestar\u00e3o. N\u00e3o sei o tamanho de<p class=\"dpt-has-teaser dpt-link-more\"><a class=\"dpt-more-link\" href=\"https:\/\/consolar.org\/?p=668\"><span>Continuar lendo<\/span> <span class=\"screen-reader-text\">O Sol e a Lua N\u00e3o S\u00e3o Maiores Que Deus<\/span><\/a><\/p><\/div><\/div><\/div>\n\t\t\t\t\t\t<\/div><!-- .dpt-entry -->\n\t\t\t\t\t\t\t\t\t\t\t\t<div class=\"dpt-entry has-thumbnail\" data-title=\"deus atende nossas necessidades\" data-id=\"561\"  data-category=\"uncategorized\">\n\t\t\t\t\t\t\t<div class=\"dpt-entry-wrapper\"><div class=\" dpt-featured-content\"><div class=\" dpt-permalink\"><a href=\"https:\/\/consolar.org\/?p=561\" class=\"dpt-permalink\"><span class=\"screen-reader-text\">Deus Atende Nossas Necessidades<\/span><\/a><\/div><div class=\" dpt-thumbnail\"><div class=\"dpt-thumbnail-inner\"><img width=\"1200\" height=\"509\" class=\"attachment-full size-full\" alt=\"\" context=\"dpt\" data-dpt-src=\"https:\/\/consolar.org\/wp-content\/uploads\/2011\/01\/Deusatendenossasnecessidades.jpg\" data-dpt-sizes=\"(max-width: 1200px) 100vw, 1200px\" data-dpt-srcset=\"https:\/\/consolar.org\/wp-content\/uploads\/2011\/01\/Deusatendenossasnecessidades.jpg 1200w, https:\/\/consolar.org\/wp-content\/uploads\/2011\/01\/Deusatendenossasnecessidades-300x127.jpg 300w, https:\/\/consolar.org\/wp-content\/uploads\/2011\/01\/Deusatendenossasnecessidades-1024x434.jpg 1024w, https:\/\/consolar.org\/wp-content\/uploads\/2011\/01\/Deusatendenossasnecessidades-768x326.jpg 768w\" \/><\/div><span class=\"dpt-thumbnail-aspect-ratio\" style=\"padding-top: 56.25%\"><\/span><\/div><\/div><div class=\" sub-entry\"><h3 class=\" dpt-title\"><a class=\"dpt-title-link\" href=\"https:\/\/consolar.org\/?p=561\" rel=\"bookmark\">Deus Atende Nossas Necessidades<\/a><\/h3><div class=\"dpt-meta1 dpt-meta\"><div class=\" dpt-author\"><a href=\"https:\/\/consolar.org\/?author=2\"><span>Pr Luiz Rubem de Freitas<\/span><\/a><\/div><\/div><div class=\" dpt-excerpt\">Voc\u00ea j\u00e1 se sentiu assim? Como se um lindo dia de sol na verdade parecesse ter nascido nublado e totalmente encoberto semelhante ao sentimento de des\u00e2nimo e desilus\u00e3o que impera no seu cora\u00e7\u00e3o? Tantas coisas<p class=\"dpt-has-teaser dpt-link-more\"><a class=\"dpt-more-link\" href=\"https:\/\/consolar.org\/?p=561\"><span>Continuar lendo<\/span> <span class=\"screen-reader-text\">Deus Atende Nossas Necessidades<\/span><\/a><\/p><\/div><\/div><\/div>\n\t\t\t\t\t\t<\/div><!-- .dpt-entry -->\n\t\t\t\t\t\t\t\t\t\t\t\t<div class=\"dpt-entry has-thumbnail\" data-title=\"migalhas ca\u00eddas da mesa de satan\u00e1s\" data-id=\"610\"  data-category=\"uncategorized\">\n\t\t\t\t\t\t\t<div class=\"dpt-entry-wrapper\"><div class=\" dpt-featured-content\"><div class=\" dpt-permalink\"><a href=\"https:\/\/consolar.org\/?p=610\" class=\"dpt-permalink\"><span class=\"screen-reader-text\">Migalhas Ca\u00eddas da Mesa de Satan\u00e1s<\/span><\/a><\/div><div class=\" dpt-thumbnail\"><div class=\"dpt-thumbnail-inner\"><img width=\"1584\" height=\"672\" class=\"attachment-full size-full\" alt=\"\" context=\"dpt\" data-dpt-src=\"https:\/\/consolar.org\/wp-content\/uploads\/2011\/02\/naolembromaisdosseuspecados.jpg\" data-dpt-sizes=\"(max-width: 1584px) 100vw, 1584px\" data-dpt-srcset=\"https:\/\/consolar.org\/wp-content\/uploads\/2011\/02\/naolembromaisdosseuspecados.jpg 1584w, https:\/\/consolar.org\/wp-content\/uploads\/2011\/02\/naolembromaisdosseuspecados-300x127.jpg 300w, https:\/\/consolar.org\/wp-content\/uploads\/2011\/02\/naolembromaisdosseuspecados-1024x434.jpg 1024w, https:\/\/consolar.org\/wp-content\/uploads\/2011\/02\/naolembromaisdosseuspecados-768x326.jpg 768w, https:\/\/consolar.org\/wp-content\/uploads\/2011\/02\/naolembromaisdosseuspecados-1536x652.jpg 1536w\" \/><\/div><span class=\"dpt-thumbnail-aspect-ratio\" style=\"padding-top: 56.25%\"><\/span><\/div><\/div><div class=\" sub-entry\"><h3 class=\" dpt-title\"><a class=\"dpt-title-link\" href=\"https:\/\/consolar.org\/?p=610\" rel=\"bookmark\">Migalhas Ca\u00eddas da Mesa de Satan\u00e1s<\/a><\/h3><div class=\"dpt-meta1 dpt-meta\"><div class=\" dpt-author\"><a href=\"https:\/\/consolar.org\/?author=2\"><span>Pr Luiz Rubem de Freitas<\/span><\/a><\/div><\/div><div class=\" dpt-excerpt\">\"N\u00e3o me compraste por dinheiro cana arom\u00e1tica, nem com a gordura dos teus sacrif\u00edcios me satisfizeste, mas me deste trabalho com os teus pecados, e me cansaste com as tuas iniquidades. Eu, eu mesmo, sou<p class=\"dpt-has-teaser dpt-link-more\"><a class=\"dpt-more-link\" href=\"https:\/\/consolar.org\/?p=610\"><span>Continuar lendo<\/span> <span class=\"screen-reader-text\">Migalhas Ca\u00eddas da Mesa de Satan\u00e1s<\/span><\/a><\/p><\/div><\/div><\/div>\n\t\t\t\t\t\t<\/div><!-- .dpt-entry -->\n\t\t\t\t\t\t\t\t\t\t\t\t<div class=\"dpt-entry has-thumbnail\" data-title=\"o senhor consola seu povo\" data-id=\"657\"  data-category=\"uncategorized\">\n\t\t\t\t\t\t\t<div class=\"dpt-entry-wrapper\"><div class=\" dpt-featured-content\"><div class=\" dpt-permalink\"><a href=\"https:\/\/consolar.org\/?p=657\" class=\"dpt-permalink\"><span class=\"screen-reader-text\">O Senhor Consola Seu Povo<\/span><\/a><\/div><div class=\" dpt-thumbnail\"><div class=\"dpt-thumbnail-inner\"><img width=\"1200\" height=\"559\" class=\"attachment-full size-full\" alt=\"\" context=\"dpt\" data-dpt-src=\"https:\/\/consolar.org\/wp-content\/uploads\/2012\/05\/osenhorconsolaseupovo.jpg\" data-dpt-sizes=\"(max-width: 1200px) 100vw, 1200px\" data-dpt-srcset=\"https:\/\/consolar.org\/wp-content\/uploads\/2012\/05\/osenhorconsolaseupovo.jpg 1200w, https:\/\/consolar.org\/wp-content\/uploads\/2012\/05\/osenhorconsolaseupovo-300x140.jpg 300w, https:\/\/consolar.org\/wp-content\/uploads\/2012\/05\/osenhorconsolaseupovo-1024x477.jpg 1024w, https:\/\/consolar.org\/wp-content\/uploads\/2012\/05\/osenhorconsolaseupovo-768x358.jpg 768w\" \/><\/div><span class=\"dpt-thumbnail-aspect-ratio\" style=\"padding-top: 56.25%\"><\/span><\/div><\/div><div class=\" sub-entry\"><h3 class=\" dpt-title\"><a class=\"dpt-title-link\" href=\"https:\/\/consolar.org\/?p=657\" rel=\"bookmark\">O Senhor Consola Seu Povo<\/a><\/h3><div class=\"dpt-meta1 dpt-meta\"><div class=\" dpt-author\"><a href=\"https:\/\/consolar.org\/?author=1\"><span>Luiz Eduardo de Freitas<\/span><\/a><\/div><\/div><div class=\" dpt-excerpt\">\"Gritem de alegria, \u00f3 c\u00e9us, regozije-se, \u00f3 terra; irrompam em can\u00e7\u00e3o, \u00f3 montes! Pois o Senhor consola o seu povo e ter\u00e1 compaix\u00e3o de seus afligidos\" (Isa\u00edas 49.13). Voc\u00ea j\u00e1 se sentiu abandonado e esquecido?<p class=\"dpt-has-teaser dpt-link-more\"><a class=\"dpt-more-link\" href=\"https:\/\/consolar.org\/?p=657\"><span>Continuar lendo<\/span> <span class=\"screen-reader-text\">O Senhor Consola Seu Povo<\/span><\/a><\/p><\/div><\/div><\/div>\n\t\t\t\t\t\t<\/div><!-- .dpt-entry -->\n\t\t\t\t\t\t\t\t\t\t\t\t<div class=\"dpt-entry has-thumbnail\" data-title=\"letras\" data-id=\"594\"  data-category=\"uncategorized\">\n\t\t\t\t\t\t\t<div class=\"dpt-entry-wrapper\"><div class=\" dpt-featured-content\"><div class=\" dpt-permalink\"><a href=\"https:\/\/consolar.org\/?p=594\" class=\"dpt-permalink\"><span class=\"screen-reader-text\">Letras<\/span><\/a><\/div><div class=\" dpt-thumbnail\"><div class=\"dpt-thumbnail-inner\"><img width=\"1200\" height=\"515\" class=\"attachment-full size-full\" alt=\"\" context=\"dpt\" data-dpt-src=\"https:\/\/consolar.org\/wp-content\/uploads\/2008\/11\/letras.jpg\" data-dpt-sizes=\"(max-width: 1200px) 100vw, 1200px\" data-dpt-srcset=\"https:\/\/consolar.org\/wp-content\/uploads\/2008\/11\/letras.jpg 1200w, https:\/\/consolar.org\/wp-content\/uploads\/2008\/11\/letras-300x129.jpg 300w, https:\/\/consolar.org\/wp-content\/uploads\/2008\/11\/letras-1024x439.jpg 1024w, https:\/\/consolar.org\/wp-content\/uploads\/2008\/11\/letras-768x330.jpg 768w\" \/><\/div><span class=\"dpt-thumbnail-aspect-ratio\" style=\"padding-top: 56.25%\"><\/span><\/div><\/div><div class=\" sub-entry\"><h3 class=\" dpt-title\"><a class=\"dpt-title-link\" href=\"https:\/\/consolar.org\/?p=594\" rel=\"bookmark\">Letras<\/a><\/h3><div class=\"dpt-meta1 dpt-meta\"><div class=\" dpt-author\"><a href=\"https:\/\/consolar.org\/?author=3\"><span>Luiz Guilherme de Freitas<\/span><\/a><\/div><\/div><div class=\" dpt-excerpt\">\u00c0s vezes nos perguntamos: Ser\u00e1 que Deus me ama? A resposta \u00e9 \u00fanica: Sim! Mesmo que voc\u00ea tenha pecado, tenha errado, Deus te ama! Ele te quer e se voc\u00ea est\u00e1 arrependido, se voc\u00ea est\u00e1<p class=\"dpt-has-teaser dpt-link-more\"><a class=\"dpt-more-link\" href=\"https:\/\/consolar.org\/?p=594\"><span>Continuar lendo<\/span> <span class=\"screen-reader-text\">Letras<\/span><\/a><\/p><\/div><\/div><\/div>\n\t\t\t\t\t\t<\/div><!-- .dpt-entry -->\n\t\t\t\t\t\t\t\t\t\t\t\t<div class=\"dpt-entry has-thumbnail\" data-title=\"criancinhas\" data-id=\"549\"  data-category=\"uncategorized\">\n\t\t\t\t\t\t\t<div class=\"dpt-entry-wrapper\"><div class=\" dpt-featured-content\"><div class=\" dpt-permalink\"><a href=\"https:\/\/consolar.org\/?p=549\" class=\"dpt-permalink\"><span class=\"screen-reader-text\">Criancinhas<\/span><\/a><\/div><div class=\" dpt-thumbnail\"><div class=\"dpt-thumbnail-inner\"><img width=\"1200\" height=\"509\" class=\"attachment-full size-full\" alt=\"\" context=\"dpt\" data-dpt-src=\"https:\/\/consolar.org\/wp-content\/uploads\/2011\/02\/criancinhas.jpg\" data-dpt-sizes=\"(max-width: 1200px) 100vw, 1200px\" data-dpt-srcset=\"https:\/\/consolar.org\/wp-content\/uploads\/2011\/02\/criancinhas.jpg 1200w, https:\/\/consolar.org\/wp-content\/uploads\/2011\/02\/criancinhas-300x127.jpg 300w, https:\/\/consolar.org\/wp-content\/uploads\/2011\/02\/criancinhas-1024x434.jpg 1024w, https:\/\/consolar.org\/wp-content\/uploads\/2011\/02\/criancinhas-768x326.jpg 768w\" \/><\/div><span class=\"dpt-thumbnail-aspect-ratio\" style=\"padding-top: 56.25%\"><\/span><\/div><\/div><div class=\" sub-entry\"><h3 class=\" dpt-title\"><a class=\"dpt-title-link\" href=\"https:\/\/consolar.org\/?p=549\" rel=\"bookmark\">Criancinhas<\/a><\/h3><div class=\"dpt-meta1 dpt-meta\"><div class=\" dpt-author\"><a href=\"https:\/\/consolar.org\/?author=2\"><span>Pr Luiz Rubem de Freitas<\/span><\/a><\/div><\/div><div class=\" dpt-excerpt\">Ame com o cora\u00e7\u00e3o puro, sem desejar receber nada em troca. Somente ame. O autor e conferencista Leo Buscaglia certa ocasi\u00e3o falou de um concurso em que tinha sido convidado como jurado.O objetivo era escolher<p class=\"dpt-has-teaser dpt-link-more\"><a class=\"dpt-more-link\" href=\"https:\/\/consolar.org\/?p=549\"><span>Continuar lendo<\/span> <span class=\"screen-reader-text\">Criancinhas<\/span><\/a><\/p><\/div><\/div><\/div>\n\t\t\t\t\t\t<\/div><!-- .dpt-entry -->\n\t\t\t\t\t\t\t\t\t\t\t\t<div class=\"dpt-entry has-thumbnail\" data-title=\"soco na cara\" data-id=\"706\"  data-category=\"uncategorized\">\n\t\t\t\t\t\t\t<div class=\"dpt-entry-wrapper\"><div class=\" dpt-featured-content\"><div class=\" dpt-permalink\"><a href=\"https:\/\/consolar.org\/?p=706\" class=\"dpt-permalink\"><span class=\"screen-reader-text\">Soco na Cara<\/span><\/a><\/div><div class=\" dpt-thumbnail\"><div class=\"dpt-thumbnail-inner\"><img width=\"1200\" height=\"514\" class=\"attachment-full size-full\" alt=\"\" context=\"dpt\" data-dpt-src=\"https:\/\/consolar.org\/wp-content\/uploads\/2013\/10\/soconacara.png\" data-dpt-sizes=\"(max-width: 1200px) 100vw, 1200px\" data-dpt-srcset=\"https:\/\/consolar.org\/wp-content\/uploads\/2013\/10\/soconacara.png 1200w, https:\/\/consolar.org\/wp-content\/uploads\/2013\/10\/soconacara-300x129.png 300w, https:\/\/consolar.org\/wp-content\/uploads\/2013\/10\/soconacara-1024x439.png 1024w, https:\/\/consolar.org\/wp-content\/uploads\/2013\/10\/soconacara-768x329.png 768w\" \/><\/div><span class=\"dpt-thumbnail-aspect-ratio\" style=\"padding-top: 56.25%\"><\/span><\/div><\/div><div class=\" sub-entry\"><h3 class=\" dpt-title\"><a class=\"dpt-title-link\" href=\"https:\/\/consolar.org\/?p=706\" rel=\"bookmark\">Soco na Cara<\/a><\/h3><div class=\"dpt-meta1 dpt-meta\"><div class=\" dpt-author\"><a href=\"https:\/\/consolar.org\/?author=2\"><span>Pr Luiz Rubem de Freitas<\/span><\/a><\/div><\/div><div class=\" dpt-excerpt\">\"Bem sei eu que tudo podes, e que nenhum de seus planos ser\u00e3o frustrados ou poder\u00e3o se impedidos\"(J\u00f3 42.2). \"Todo mundo tem um plano at\u00e9 tomar um soco na cara\" A frase acima de um<p class=\"dpt-has-teaser dpt-link-more\"><a class=\"dpt-more-link\" href=\"https:\/\/consolar.org\/?p=706\"><span>Continuar lendo<\/span> <span class=\"screen-reader-text\">Soco na Cara<\/span><\/a><\/p><\/div><\/div><\/div>\n\t\t\t\t\t\t<\/div><!-- .dpt-entry -->\n\t\t\t\t\t\t\n\t\t\t\t<\/div>\n\t\t\t<div class=\"dp-pagination\"><span aria-current=\"page\" class=\"page-numbers current\">1<\/span>\n<a class=\"page-numbers\" href=\"https:\/\/consolar.org\/index.php\/?paged1=2&#038;rest_route=%2Fwp%2Fv2%2Fpages%2F8\">2<\/a>\n<a class=\"page-numbers\" href=\"https:\/\/consolar.org\/index.php\/?paged1=3&#038;rest_route=%2Fwp%2Fv2%2Fpages%2F8\">3<\/a>\n<span class=\"page-numbers dots\">&hellip;<\/span>\n<a class=\"page-numbers\" href=\"https:\/\/consolar.org\/index.php\/?paged1=8&#038;rest_route=%2Fwp%2Fv2%2Fpages%2F8\">8<\/a>\n<a class=\"next page-numbers\" href=\"https:\/\/consolar.org\/index.php\/?paged1=2&#038;rest_route=%2Fwp%2Fv2%2Fpages%2F8\">Pr\u00f3ximo &raquo;<\/a><\/div>\t\t\t<\/div>\n\t\t\t\n\n\n\n<p><\/p>\n","protected":false},"excerpt":{"rendered":"","protected":false},"author":1,"featured_media":0,"parent":0,"menu_order":0,"comment_status":"closed","ping_status":"closed","template":"","meta":{"_ayudawp_aiss_exclude":false,"footnotes":""},"class_list":["post-8","page","type-page","status-publish","hentry"],"yoast_head":"<!-- This site is optimized with the Yoast SEO Premium plugin v27.3 (Yoast SEO v27.4) - https:\/\/yoast.com\/product\/yoast-seo-premium-wordpress\/ -->\n<title>In\u00edcio - Consolar.org<\/title>\n<meta name=\"robots\" content=\"index, follow, max-snippet:-1, max-image-preview:large, max-video-preview:-1\" \/>\n<link rel=\"canonical\" href=\"https:\/\/consolar.org\/\" \/>\n<meta property=\"og:locale\" content=\"pt_BR\" \/>\n<meta property=\"og:type\" content=\"article\" \/>\n<meta property=\"og:title\" content=\"In\u00edcio\" \/>\n<meta property=\"og:url\" content=\"https:\/\/consolar.org\/\" \/>\n<meta property=\"og:site_name\" content=\"Consolar.org\" \/>\n<meta property=\"article:publisher\" content=\"https:\/\/www.facebook.com\/consolar\" \/>\n<meta property=\"article:modified_time\" content=\"2026-03-19T00:03:19+00:00\" \/>\n<meta name=\"twitter:card\" content=\"summary_large_image\" \/>\n<script type=\"application\/ld+json\" class=\"yoast-schema-graph\">{\"@context\":\"https:\\\/\\\/schema.org\",\"@graph\":[{\"@type\":\"WebPage\",\"@id\":\"https:\\\/\\\/consolar.org\\\/\",\"url\":\"https:\\\/\\\/consolar.org\\\/\",\"name\":\"In\u00edcio - Consolar.org\",\"isPartOf\":{\"@id\":\"https:\\\/\\\/consolar.org\\\/#website\"},\"datePublished\":\"2023-01-19T00:21:21+00:00\",\"dateModified\":\"2026-03-19T00:03:19+00:00\",\"breadcrumb\":{\"@id\":\"https:\\\/\\\/consolar.org\\\/#breadcrumb\"},\"inLanguage\":\"pt-BR\",\"potentialAction\":[{\"@type\":\"ReadAction\",\"target\":[\"https:\\\/\\\/consolar.org\\\/\"]}]},{\"@type\":\"BreadcrumbList\",\"@id\":\"https:\\\/\\\/consolar.org\\\/#breadcrumb\",\"itemListElement\":[{\"@type\":\"ListItem\",\"position\":1,\"name\":\"In\u00edcio\",\"item\":\"https:\\\/\\\/consolar.org\\\/\"},{\"@type\":\"ListItem\",\"position\":2,\"name\":\"In\u00edcio\"}]},{\"@type\":\"WebSite\",\"@id\":\"https:\\\/\\\/consolar.org\\\/#website\",\"url\":\"https:\\\/\\\/consolar.org\\\/\",\"name\":\"Consolar.org\",\"description\":\"Mensagens de conforto e esperan\u00e7a para cora\u00e7\u00f5es que precisam de paz.\",\"publisher\":{\"@id\":\"https:\\\/\\\/consolar.org\\\/#organization\"},\"potentialAction\":[{\"@type\":\"SearchAction\",\"target\":{\"@type\":\"EntryPoint\",\"urlTemplate\":\"https:\\\/\\\/consolar.org\\\/?s={search_term_string}\"},\"query-input\":{\"@type\":\"PropertyValueSpecification\",\"valueRequired\":true,\"valueName\":\"search_term_string\"}}],\"inLanguage\":\"pt-BR\"},{\"@type\":\"Organization\",\"@id\":\"https:\\\/\\\/consolar.org\\\/#organization\",\"name\":\"Consolar.org\",\"url\":\"https:\\\/\\\/consolar.org\\\/\",\"logo\":{\"@type\":\"ImageObject\",\"inLanguage\":\"pt-BR\",\"@id\":\"https:\\\/\\\/consolar.org\\\/#\\\/schema\\\/logo\\\/image\\\/\",\"url\":\"https:\\\/\\\/consolar.org\\\/wp-content\\\/uploads\\\/2026\\\/02\\\/cropped-logonovo03-small.png\",\"contentUrl\":\"https:\\\/\\\/consolar.org\\\/wp-content\\\/uploads\\\/2026\\\/02\\\/cropped-logonovo03-small.png\",\"width\":280,\"height\":142,\"caption\":\"Consolar.org\"},\"image\":{\"@id\":\"https:\\\/\\\/consolar.org\\\/#\\\/schema\\\/logo\\\/image\\\/\"},\"sameAs\":[\"https:\\\/\\\/www.facebook.com\\\/consolar\"]}]}<\/script>\n<!-- \/ Yoast SEO Premium plugin. -->","yoast_head_json":{"title":"In\u00edcio - Consolar.org","robots":{"index":"index","follow":"follow","max-snippet":"max-snippet:-1","max-image-preview":"max-image-preview:large","max-video-preview":"max-video-preview:-1"},"canonical":"https:\/\/consolar.org\/","og_locale":"pt_BR","og_type":"article","og_title":"In\u00edcio","og_url":"https:\/\/consolar.org\/","og_site_name":"Consolar.org","article_publisher":"https:\/\/www.facebook.com\/consolar","article_modified_time":"2026-03-19T00:03:19+00:00","twitter_card":"summary_large_image","schema":{"@context":"https:\/\/schema.org","@graph":[{"@type":"WebPage","@id":"https:\/\/consolar.org\/","url":"https:\/\/consolar.org\/","name":"In\u00edcio - Consolar.org","isPartOf":{"@id":"https:\/\/consolar.org\/#website"},"datePublished":"2023-01-19T00:21:21+00:00","dateModified":"2026-03-19T00:03:19+00:00","breadcrumb":{"@id":"https:\/\/consolar.org\/#breadcrumb"},"inLanguage":"pt-BR","potentialAction":[{"@type":"ReadAction","target":["https:\/\/consolar.org\/"]}]},{"@type":"BreadcrumbList","@id":"https:\/\/consolar.org\/#breadcrumb","itemListElement":[{"@type":"ListItem","position":1,"name":"In\u00edcio","item":"https:\/\/consolar.org\/"},{"@type":"ListItem","position":2,"name":"In\u00edcio"}]},{"@type":"WebSite","@id":"https:\/\/consolar.org\/#website","url":"https:\/\/consolar.org\/","name":"Consolar.org","description":"Mensagens de conforto e esperan\u00e7a para cora\u00e7\u00f5es que precisam de paz.","publisher":{"@id":"https:\/\/consolar.org\/#organization"},"potentialAction":[{"@type":"SearchAction","target":{"@type":"EntryPoint","urlTemplate":"https:\/\/consolar.org\/?s={search_term_string}"},"query-input":{"@type":"PropertyValueSpecification","valueRequired":true,"valueName":"search_term_string"}}],"inLanguage":"pt-BR"},{"@type":"Organization","@id":"https:\/\/consolar.org\/#organization","name":"Consolar.org","url":"https:\/\/consolar.org\/","logo":{"@type":"ImageObject","inLanguage":"pt-BR","@id":"https:\/\/consolar.org\/#\/schema\/logo\/image\/","url":"https:\/\/consolar.org\/wp-content\/uploads\/2026\/02\/cropped-logonovo03-small.png","contentUrl":"https:\/\/consolar.org\/wp-content\/uploads\/2026\/02\/cropped-logonovo03-small.png","width":280,"height":142,"caption":"Consolar.org"},"image":{"@id":"https:\/\/consolar.org\/#\/schema\/logo\/image\/"},"sameAs":["https:\/\/www.facebook.com\/consolar"]}]}},"_links":{"self":[{"href":"https:\/\/consolar.org\/index.php?rest_route=\/wp\/v2\/pages\/8","targetHints":{"allow":["GET"]}}],"collection":[{"href":"https:\/\/consolar.org\/index.php?rest_route=\/wp\/v2\/pages"}],"about":[{"href":"https:\/\/consolar.org\/index.php?rest_route=\/wp\/v2\/types\/page"}],"author":[{"embeddable":true,"href":"https:\/\/consolar.org\/index.php?rest_route=\/wp\/v2\/users\/1"}],"replies":[{"embeddable":true,"href":"https:\/\/consolar.org\/index.php?rest_route=%2Fwp%2Fv2%2Fcomments&post=8"}],"version-history":[{"count":5,"href":"https:\/\/consolar.org\/index.php?rest_route=\/wp\/v2\/pages\/8\/revisions"}],"predecessor-version":[{"id":1251,"href":"https:\/\/consolar.org\/index.php?rest_route=\/wp\/v2\/pages\/8\/revisions\/1251"}],"wp:attachment":[{"href":"https:\/\/consolar.org\/index.php?rest_route=%2Fwp%2Fv2%2Fmedia&parent=8"}],"curies":[{"name":"wp","href":"https:\/\/api.w.org\/{rel}","templated":true}]}}