{"id":18,"date":"2023-09-15T13:34:00","date_gmt":"2023-09-15T16:34:00","guid":{"rendered":"https:\/\/consolar.org\/?page_id=18"},"modified":"2026-03-18T22:49:19","modified_gmt":"2026-03-19T01:49:19","slug":"publicacoes","status":"publish","type":"page","link":"https:\/\/consolar.org\/?page_id=18","title":{"rendered":"Publica\u00e7\u00f5es"},"content":{"rendered":"\n<p><\/p>\n\n\n\n<div class=\"wp-block-query is-layout-flow wp-block-query-is-layout-flow\"><ul class=\"wp-block-post-template is-layout-flow wp-block-post-template-is-layout-flow\"><li class=\"wp-block-post post-1277 post type-post status-publish format-standard has-post-thumbnail hentry category-uncategorized\">\n\n<div class=\"wp-block-group\" style=\"padding-top:20px;padding-right:30px;padding-bottom:20px;padding-left:30px\"><div class=\"wp-block-group__inner-container is-layout-flow wp-block-group-is-layout-flow\"><h2 class=\"wp-block-post-title\"><a href=\"https:\/\/consolar.org\/?p=1277\" target=\"_self\" >Nosso Ref\u00fagio em Todo o Tempo<\/a><\/h2>\n\n<div class=\"wp-block-post-excerpt\"><p class=\"wp-block-post-excerpt__excerpt\">H\u00e1 dias em que a vida parece um turbilh\u00e3o. Problemas no trabalho, not\u00edcias ruins, conflitos em casa e ainda o vazio que a perda de algu\u00e9m querido deixa em nossos cora\u00e7\u00f5es. Em meio a essas tempestades, muitas vezes sentimos medo, inseguran\u00e7a e desamparo. Lembro-me de uma tarde especialmente chuvosa, &hellip; Continue lendo&hellip; &rarr; <\/p><\/div>\n\n<div class=\"wp-block-post-date\"><time datetime=\"2026-03-27T14:11:00-03:00\">27 de mar\u00e7o de 2026<\/time><\/div><\/div><\/div>\n\n<\/li><li class=\"wp-block-post post-570 post type-post status-publish format-standard has-post-thumbnail hentry category-uncategorized tag-alegria tag-ano-novo tag-esperanca tag-fim-de-ano tag-jesus tag-natal tag-socorro tag-tristeza tag-vitoria\">\n\n<div class=\"wp-block-group\" style=\"padding-top:20px;padding-right:30px;padding-bottom:20px;padding-left:30px\"><div class=\"wp-block-group__inner-container is-layout-flow wp-block-group-is-layout-flow\"><h2 class=\"wp-block-post-title\"><a href=\"https:\/\/consolar.org\/?p=570\" target=\"_self\" >Dias Felizes<\/a><\/h2>\n\n<div class=\"wp-block-post-excerpt\"><p class=\"wp-block-post-excerpt__excerpt\">Meu Natal aquele ano foi completo. Feliz a ponto de at\u00e9 hoje ao lembrar fica dif\u00edcil esconder os olhos marejados. Marejados sim, porque foi um dia feliz. Marejados tamb\u00e9m, porque soube anos depois que foi dif\u00edcil e caro aos meus pais comprarem aquele presente. Talvez at\u00e9 hoje eu fique com os olhos brilhando e encantado&hellip; <\/p><\/div>\n\n<div class=\"wp-block-post-date\"><time datetime=\"2013-12-24T00:00:00-03:00\">24 de dezembro de 2013<\/time><\/div><\/div><\/div>\n\n<\/li><li class=\"wp-block-post post-540 post type-post status-publish format-standard has-post-thumbnail hentry category-uncategorized\">\n\n<div class=\"wp-block-group\" style=\"padding-top:20px;padding-right:30px;padding-bottom:20px;padding-left:30px\"><div class=\"wp-block-group__inner-container is-layout-flow wp-block-group-is-layout-flow\"><h2 class=\"wp-block-post-title\"><a href=\"https:\/\/consolar.org\/?p=540\" target=\"_self\" >As Serpentes e os Milagres<\/a><\/h2>\n\n<div class=\"wp-block-post-excerpt\"><p class=\"wp-block-post-excerpt__excerpt\">&#8220;Mois\u00e9s e Ar\u00e3o dirigiram-se ao fara\u00f3 e fizeram como o Senhor tinha ordenado.Ar\u00e3o jogou a vara diante do fara\u00f3 e seus conselheiros, e ela se transformou em serpente.O fara\u00f3, por\u00e9m, mandou chamar os s\u00e1bios e feiticeiros; e tamb\u00e9mos magos do Egito fizeram a mesma coisa por meio das suas ci\u00eancias ocultas.Cada um deles jogou ao&hellip; <\/p><\/div>\n\n<div class=\"wp-block-post-date\"><time datetime=\"2013-12-18T00:00:00-03:00\">18 de dezembro de 2013<\/time><\/div><\/div><\/div>\n\n<\/li><li class=\"wp-block-post post-591 post type-post status-publish format-standard has-post-thumbnail hentry category-uncategorized\">\n\n<div class=\"wp-block-group\" style=\"padding-top:20px;padding-right:30px;padding-bottom:20px;padding-left:30px\"><div class=\"wp-block-group__inner-container is-layout-flow wp-block-group-is-layout-flow\"><h2 class=\"wp-block-post-title\"><a href=\"https:\/\/consolar.org\/?p=591\" target=\"_self\" >Joe Louis<\/a><\/h2>\n\n<div class=\"wp-block-post-excerpt\"><p class=\"wp-block-post-excerpt__excerpt\">&#8220;Somente em Deus, \u00f3 minha alma, espera silenciosa;dele vem a minha salva\u00e7\u00e3o&#8221; (Salmos 62.1) No fim da vida o grande boxeador Joe Louis disse: &#8220;Fiz o melhor que pude com aquilo que tinha&#8221;. Deus nos d\u00e1 oportunidade de fazermos o melhor com o que temos. \u00c0s vezes parece que temos, muito pouco. Entretanto, podemos fazer&hellip; <\/p><\/div>\n\n<div class=\"wp-block-post-date\"><time datetime=\"2013-12-04T00:00:00-03:00\">4 de dezembro de 2013<\/time><\/div><\/div><\/div>\n\n<\/li><li class=\"wp-block-post post-617 post type-post status-publish format-standard has-post-thumbnail hentry category-uncategorized\">\n\n<div class=\"wp-block-group\" style=\"padding-top:20px;padding-right:30px;padding-bottom:20px;padding-left:30px\"><div class=\"wp-block-group__inner-container is-layout-flow wp-block-group-is-layout-flow\"><h2 class=\"wp-block-post-title\"><a href=\"https:\/\/consolar.org\/?p=617\" target=\"_self\" >N\u00e3o Consigo Nem Orar<\/a><\/h2>\n\n<div class=\"wp-block-post-excerpt\"><p class=\"wp-block-post-excerpt__excerpt\">&#8220;&#8230;N\u00e3o queremos que voc\u00eas desconhe\u00e7am as tribula\u00e7\u00f5es que sofremos &#8230;, as quais foram muito al\u00e9m da nossa capacidade de suportar, ao ponto de perdermos a esperan\u00e7a da pr\u00f3pria vida&#8221;. (2 Cor. 1.8) &#8220;Da mesma forma o Esp\u00edrito nos ajuda em nossa fraqueza, pois n\u00e3o sabemos como orar, mas o pr\u00f3prio Esp\u00edrito intercede por n\u00f3s com&hellip; <\/p><\/div>\n\n<div class=\"wp-block-post-date\"><time datetime=\"2013-10-25T00:00:00-03:00\">25 de outubro de 2013<\/time><\/div><\/div><\/div>\n\n<\/li><li class=\"wp-block-post post-613 post type-post status-publish format-standard has-post-thumbnail hentry category-uncategorized\">\n\n<div class=\"wp-block-group\" style=\"padding-top:20px;padding-right:30px;padding-bottom:20px;padding-left:30px\"><div class=\"wp-block-group__inner-container is-layout-flow wp-block-group-is-layout-flow\"><h2 class=\"wp-block-post-title\"><a href=\"https:\/\/consolar.org\/?p=613\" target=\"_self\" >Na Entrada da Caverna<\/a><\/h2>\n\n<div class=\"wp-block-post-excerpt\"><p class=\"wp-block-post-excerpt__excerpt\">&#8220;Desvia os meus olhos das coisas in\u00fateis&#8221; (Salmos 119.37 &#8211; NVI).&#8220;E eis que passava o SENHOR, como tamb\u00e9m um grande e forte vento que fendia os montes e quebrava as penhas diante do SENHOR; por\u00e9m o SENHOR n\u00e3o estava no vento; e depois do vento um terremoto; tamb\u00e9m o SENHOR n\u00e3o estava no terremoto; E&hellip; <\/p><\/div>\n\n<div class=\"wp-block-post-date\"><time datetime=\"2013-10-23T00:00:00-03:00\">23 de outubro de 2013<\/time><\/div><\/div><\/div>\n\n<\/li><\/ul><\/div>\n","protected":false},"excerpt":{"rendered":"","protected":false},"author":1,"featured_media":1263,"parent":0,"menu_order":0,"comment_status":"closed","ping_status":"closed","template":"","meta":{"_ayudawp_aiss_exclude":false,"footnotes":""},"class_list":["post-18","page","type-page","status-publish","has-post-thumbnail","hentry"],"yoast_head":"<!-- This site is optimized with the Yoast SEO Premium plugin v27.3 (Yoast SEO v27.4) - https:\/\/yoast.com\/product\/yoast-seo-premium-wordpress\/ -->\n<title>Publica\u00e7\u00f5es - Consolar.org<\/title>\n<meta name=\"robots\" content=\"index, follow, max-snippet:-1, max-image-preview:large, max-video-preview:-1\" \/>\n<link rel=\"canonical\" href=\"https:\/\/consolar.org\/?page_id=18\" \/>\n<meta property=\"og:locale\" content=\"pt_BR\" \/>\n<meta property=\"og:type\" content=\"article\" \/>\n<meta property=\"og:title\" content=\"Publica\u00e7\u00f5es\" \/>\n<meta property=\"og:url\" content=\"https:\/\/consolar.org\/?page_id=18\" \/>\n<meta property=\"og:site_name\" content=\"Consolar.org\" \/>\n<meta property=\"article:publisher\" content=\"https:\/\/www.facebook.com\/consolar\" \/>\n<meta property=\"article:modified_time\" content=\"2026-03-19T01:49:19+00:00\" \/>\n<meta property=\"og:image\" content=\"https:\/\/consolar.org\/wp-content\/uploads\/2026\/03\/bannersite02clean.jpg\" \/>\n\t<meta property=\"og:image:width\" content=\"1200\" \/>\n\t<meta property=\"og:image:height\" content=\"514\" \/>\n\t<meta property=\"og:image:type\" content=\"image\/jpeg\" \/>\n<meta name=\"twitter:card\" content=\"summary_large_image\" \/>\n<script type=\"application\/ld+json\" class=\"yoast-schema-graph\">{\"@context\":\"https:\\\/\\\/schema.org\",\"@graph\":[{\"@type\":[\"WebPage\",\"CollectionPage\"],\"@id\":\"https:\\\/\\\/consolar.org\\\/?page_id=18\",\"url\":\"https:\\\/\\\/consolar.org\\\/?page_id=18\",\"name\":\"Publica\u00e7\u00f5es - Consolar.org\",\"isPartOf\":{\"@id\":\"https:\\\/\\\/consolar.org\\\/#website\"},\"primaryImageOfPage\":{\"@id\":\"https:\\\/\\\/consolar.org\\\/?page_id=18#primaryimage\"},\"image\":{\"@id\":\"https:\\\/\\\/consolar.org\\\/?page_id=18#primaryimage\"},\"thumbnailUrl\":\"https:\\\/\\\/consolar.org\\\/wp-content\\\/uploads\\\/2026\\\/03\\\/bannersite02clean.jpg\",\"datePublished\":\"2023-09-15T16:34:00+00:00\",\"dateModified\":\"2026-03-19T01:49:19+00:00\",\"breadcrumb\":{\"@id\":\"https:\\\/\\\/consolar.org\\\/?page_id=18#breadcrumb\"},\"inLanguage\":\"pt-BR\"},{\"@type\":\"ImageObject\",\"inLanguage\":\"pt-BR\",\"@id\":\"https:\\\/\\\/consolar.org\\\/?page_id=18#primaryimage\",\"url\":\"https:\\\/\\\/consolar.org\\\/wp-content\\\/uploads\\\/2026\\\/03\\\/bannersite02clean.jpg\",\"contentUrl\":\"https:\\\/\\\/consolar.org\\\/wp-content\\\/uploads\\\/2026\\\/03\\\/bannersite02clean.jpg\",\"width\":1200,\"height\":514},{\"@type\":\"BreadcrumbList\",\"@id\":\"https:\\\/\\\/consolar.org\\\/?page_id=18#breadcrumb\",\"itemListElement\":[{\"@type\":\"ListItem\",\"position\":1,\"name\":\"In\u00edcio\",\"item\":\"https:\\\/\\\/consolar.org\\\/\"},{\"@type\":\"ListItem\",\"position\":2,\"name\":\"Publica\u00e7\u00f5es\"}]},{\"@type\":\"WebSite\",\"@id\":\"https:\\\/\\\/consolar.org\\\/#website\",\"url\":\"https:\\\/\\\/consolar.org\\\/\",\"name\":\"Consolar.org\",\"description\":\"Mensagens de conforto e esperan\u00e7a para cora\u00e7\u00f5es que precisam de paz.\",\"publisher\":{\"@id\":\"https:\\\/\\\/consolar.org\\\/#organization\"},\"potentialAction\":[{\"@type\":\"SearchAction\",\"target\":{\"@type\":\"EntryPoint\",\"urlTemplate\":\"https:\\\/\\\/consolar.org\\\/?s={search_term_string}\"},\"query-input\":{\"@type\":\"PropertyValueSpecification\",\"valueRequired\":true,\"valueName\":\"search_term_string\"}}],\"inLanguage\":\"pt-BR\"},{\"@type\":\"Organization\",\"@id\":\"https:\\\/\\\/consolar.org\\\/#organization\",\"name\":\"Consolar.org\",\"url\":\"https:\\\/\\\/consolar.org\\\/\",\"logo\":{\"@type\":\"ImageObject\",\"inLanguage\":\"pt-BR\",\"@id\":\"https:\\\/\\\/consolar.org\\\/#\\\/schema\\\/logo\\\/image\\\/\",\"url\":\"https:\\\/\\\/consolar.org\\\/wp-content\\\/uploads\\\/2026\\\/02\\\/cropped-logonovo03-small.png\",\"contentUrl\":\"https:\\\/\\\/consolar.org\\\/wp-content\\\/uploads\\\/2026\\\/02\\\/cropped-logonovo03-small.png\",\"width\":280,\"height\":142,\"caption\":\"Consolar.org\"},\"image\":{\"@id\":\"https:\\\/\\\/consolar.org\\\/#\\\/schema\\\/logo\\\/image\\\/\"},\"sameAs\":[\"https:\\\/\\\/www.facebook.com\\\/consolar\"]}]}<\/script>\n<!-- \/ Yoast SEO Premium plugin. -->","yoast_head_json":{"title":"Publica\u00e7\u00f5es - Consolar.org","robots":{"index":"index","follow":"follow","max-snippet":"max-snippet:-1","max-image-preview":"max-image-preview:large","max-video-preview":"max-video-preview:-1"},"canonical":"https:\/\/consolar.org\/?page_id=18","og_locale":"pt_BR","og_type":"article","og_title":"Publica\u00e7\u00f5es","og_url":"https:\/\/consolar.org\/?page_id=18","og_site_name":"Consolar.org","article_publisher":"https:\/\/www.facebook.com\/consolar","article_modified_time":"2026-03-19T01:49:19+00:00","og_image":[{"width":1200,"height":514,"url":"https:\/\/consolar.org\/wp-content\/uploads\/2026\/03\/bannersite02clean.jpg","type":"image\/jpeg"}],"twitter_card":"summary_large_image","schema":{"@context":"https:\/\/schema.org","@graph":[{"@type":["WebPage","CollectionPage"],"@id":"https:\/\/consolar.org\/?page_id=18","url":"https:\/\/consolar.org\/?page_id=18","name":"Publica\u00e7\u00f5es - Consolar.org","isPartOf":{"@id":"https:\/\/consolar.org\/#website"},"primaryImageOfPage":{"@id":"https:\/\/consolar.org\/?page_id=18#primaryimage"},"image":{"@id":"https:\/\/consolar.org\/?page_id=18#primaryimage"},"thumbnailUrl":"https:\/\/consolar.org\/wp-content\/uploads\/2026\/03\/bannersite02clean.jpg","datePublished":"2023-09-15T16:34:00+00:00","dateModified":"2026-03-19T01:49:19+00:00","breadcrumb":{"@id":"https:\/\/consolar.org\/?page_id=18#breadcrumb"},"inLanguage":"pt-BR"},{"@type":"ImageObject","inLanguage":"pt-BR","@id":"https:\/\/consolar.org\/?page_id=18#primaryimage","url":"https:\/\/consolar.org\/wp-content\/uploads\/2026\/03\/bannersite02clean.jpg","contentUrl":"https:\/\/consolar.org\/wp-content\/uploads\/2026\/03\/bannersite02clean.jpg","width":1200,"height":514},{"@type":"BreadcrumbList","@id":"https:\/\/consolar.org\/?page_id=18#breadcrumb","itemListElement":[{"@type":"ListItem","position":1,"name":"In\u00edcio","item":"https:\/\/consolar.org\/"},{"@type":"ListItem","position":2,"name":"Publica\u00e7\u00f5es"}]},{"@type":"WebSite","@id":"https:\/\/consolar.org\/#website","url":"https:\/\/consolar.org\/","name":"Consolar.org","description":"Mensagens de conforto e esperan\u00e7a para cora\u00e7\u00f5es que precisam de paz.","publisher":{"@id":"https:\/\/consolar.org\/#organization"},"potentialAction":[{"@type":"SearchAction","target":{"@type":"EntryPoint","urlTemplate":"https:\/\/consolar.org\/?s={search_term_string}"},"query-input":{"@type":"PropertyValueSpecification","valueRequired":true,"valueName":"search_term_string"}}],"inLanguage":"pt-BR"},{"@type":"Organization","@id":"https:\/\/consolar.org\/#organization","name":"Consolar.org","url":"https:\/\/consolar.org\/","logo":{"@type":"ImageObject","inLanguage":"pt-BR","@id":"https:\/\/consolar.org\/#\/schema\/logo\/image\/","url":"https:\/\/consolar.org\/wp-content\/uploads\/2026\/02\/cropped-logonovo03-small.png","contentUrl":"https:\/\/consolar.org\/wp-content\/uploads\/2026\/02\/cropped-logonovo03-small.png","width":280,"height":142,"caption":"Consolar.org"},"image":{"@id":"https:\/\/consolar.org\/#\/schema\/logo\/image\/"},"sameAs":["https:\/\/www.facebook.com\/consolar"]}]}},"_links":{"self":[{"href":"https:\/\/consolar.org\/index.php?rest_route=\/wp\/v2\/pages\/18","targetHints":{"allow":["GET"]}}],"collection":[{"href":"https:\/\/consolar.org\/index.php?rest_route=\/wp\/v2\/pages"}],"about":[{"href":"https:\/\/consolar.org\/index.php?rest_route=\/wp\/v2\/types\/page"}],"author":[{"embeddable":true,"href":"https:\/\/consolar.org\/index.php?rest_route=\/wp\/v2\/users\/1"}],"replies":[{"embeddable":true,"href":"https:\/\/consolar.org\/index.php?rest_route=%2Fwp%2Fv2%2Fcomments&post=18"}],"version-history":[{"count":1,"href":"https:\/\/consolar.org\/index.php?rest_route=\/wp\/v2\/pages\/18\/revisions"}],"predecessor-version":[{"id":1264,"href":"https:\/\/consolar.org\/index.php?rest_route=\/wp\/v2\/pages\/18\/revisions\/1264"}],"wp:featuredmedia":[{"embeddable":true,"href":"https:\/\/consolar.org\/index.php?rest_route=\/wp\/v2\/media\/1263"}],"wp:attachment":[{"href":"https:\/\/consolar.org\/index.php?rest_route=%2Fwp%2Fv2%2Fmedia&parent=18"}],"curies":[{"name":"wp","href":"https:\/\/api.w.org\/{rel}","templated":true}]}}