{"id":15,"date":"2023-01-18T21:38:13","date_gmt":"2023-01-19T00:38:13","guid":{"rendered":"https:\/\/consolar.org\/?page_id=15"},"modified":"2026-03-13T08:11:02","modified_gmt":"2026-03-13T11:11:02","slug":"quem-somos","status":"publish","type":"page","link":"https:\/\/consolar.org\/?page_id=15","title":{"rendered":"Quem somos"},"content":{"rendered":"\n<p><\/p>\n\n\n\n<p>Este site foi desenvolvido para trazer mensagens de conforto e consolar cora\u00e7\u00f5es quebrantados pelas perdas de parentes, separa\u00e7\u00f5es, emprego e tantas dificuldades que surgem em nosso mundo nos dias de hoje. Aqui procuramos apresentar palavras de consolo quando as primeiras perguntas s\u00e3o em busca de entender os prop\u00f3sitos de Deus.<br><br>O site come\u00e7ou como uma id\u00e9ia para ajudar a outros que passaram por perdas semelhantes \u00e0s nossas quando Deus chamou dois membros de nossa fam\u00edlia Pr. Dr. Luiz Sylvio de Freitas e&nbsp; Glyce Gon\u00e7alves de Freitas, irm\u00e3os, com uma diferen\u00e7a de sete dias entre um e outro. Foi uma grande dor para toda a fam\u00edlia. Pouco mais de um ano depois, Deus chamou tamb\u00e9m Isolina Ferreira de Freitas que durante muito tempo sentiu a falta do c\u00f4njuge (Luiz Sylvio de Freitas) que precisou de muito consolo e o recebeu de Deus.<\/p>\n\n\n\n<p>\u00c9 com a consola\u00e7\u00e3o de Deus que criamos o site. Para ajudar a quem precisa de consolo.<\/p>\n\n\n\n<p>N\u00f3s seguimos os princ\u00edpios de Cristo e usamos a B\u00edblia como fonte de f\u00e9 e ordem, como a Palavra de Deus, que tem todos os fundamentos para a vida e para apresentar a Cristo como \u00fanico Salvador e intercessor entre Deus e os homens.<\/p>\n\n\n\n<p>N\u00f3s n\u00e3o queremos impor nossa f\u00e9. Respeitamos outras convic\u00e7\u00f5es religiosas, sejam elas quais forem. Respeitamos aquilo em que voc\u00ea cr\u00ea, por\u00e9m queremos ajudar, com base na nossa f\u00e9 e naquilo que temos aprendido de nossas pr\u00f3prias vidas e de exemplo de terceiros, a todos os que nos procurarem em busca de aux\u00edlio, de consolo.<\/p>\n\n\n\n<p>Se quiser contribuir com sua experi\u00eancia para publicarmos no site&nbsp;fale conosco.<\/p>\n\n\n\n<p>H\u00e1 muito ainda a ser feito. Estamos acrescentando mais textos de consolo no site em \u00e1reas especificas de acordo com as necessidades dos que t\u00eam nos buscado. H\u00e1 \u00e1reas em que gostar\u00edamos de ter testemunhos de pessoas que possam contribuir ou que passaram dificuldades e receberam consolo de Deus para consolar outros. J\u00e1 h\u00e1 textos quase prontos sobre c\u00e2ncer, sexo, fam\u00edlia, infertilidade, div\u00f3rcio, desemprego, decis\u00f5es dif\u00edceis. Temos muito a fazer em um servi\u00e7o que tem aben\u00e7oado muitas pessoas desde 2004. Temos muitos projetos que iremos dispor no site aos poucos. N\u00e3o vamos falar de n\u00fameros em rela\u00e7\u00e3o aos acessos ao site, porque consideramos cada pessoa como \u00fanica e n\u00e3o como n\u00famero, mas gra\u00e7as a Deus a cada dia, o n\u00famero de acessos ao site tem crescido.<\/p>\n\n\n\n<p>N\u00f3s lan\u00e7amos o livro com o t\u00edtulo \u201cEU ESTOU CHORANDO CONTIGO\u201d, porque este um dos prop\u00f3sitos principais do site: ajudar, aben\u00e7oar, participar e compartilhar junto aos que necessitam de consolo da mesma forma que n\u00f3s somos consolados todos os dias em nossas dificuldades, buscando trazer sempre \u00e0 frente a mensagem salvadora e consoladora de Cristo, que tem todo o interesse de participar de nossas vidas, nossas decis\u00f5es, nossas dores e alegrias.&nbsp;J\u00e1 temos dois livros em prepara\u00e7\u00e3o que gostar\u00edamos de publicar em breve.<\/p>\n\n\n\n<p>Ore por esse servi\u00e7o, ore por n\u00f3s e pelo sustento desse trabalho.<\/p>\n\n\n\n<p>N\u00e3o temos o prop\u00f3sito de obter lucro com o site ou com os produtos que dispomos, mas se quiser contribuir para o sustento desse servi\u00e7o\u00a0fale conosco.<\/p>\n","protected":false},"excerpt":{"rendered":"<p>Este site foi desenvolvido para trazer mensagens de conforto e consolar cora\u00e7\u00f5es quebrantados pelas perdas de parentes, separa\u00e7\u00f5es, emprego e tantas dificuldades que surgem em nosso mundo nos dias de hoje. Aqui procuramos apresentar palavras de consolo quando as primeiras perguntas s\u00e3o em busca de entender os prop\u00f3sitos de Deus. O site come\u00e7ou como uma <a class=\"more-link\" href=\"https:\/\/consolar.org\/?page_id=15\">&hellip; Continue lendo&hellip; &rarr;<\/a><\/p>\n","protected":false},"author":1,"featured_media":1210,"parent":0,"menu_order":0,"comment_status":"closed","ping_status":"closed","template":"","meta":{"_ayudawp_aiss_exclude":false,"footnotes":""},"class_list":["post-15","page","type-page","status-publish","has-post-thumbnail","hentry"],"yoast_head":"<!-- This site is optimized with the Yoast SEO Premium plugin v27.3 (Yoast SEO v27.4) - https:\/\/yoast.com\/product\/yoast-seo-premium-wordpress\/ -->\n<title>Quem somos - Consolar.org<\/title>\n<meta name=\"robots\" content=\"index, follow, max-snippet:-1, max-image-preview:large, max-video-preview:-1\" \/>\n<link rel=\"canonical\" href=\"https:\/\/consolar.org\/?page_id=15\" \/>\n<meta property=\"og:locale\" content=\"pt_BR\" \/>\n<meta property=\"og:type\" content=\"article\" \/>\n<meta property=\"og:title\" content=\"Quem somos\" \/>\n<meta property=\"og:description\" content=\"Este site foi desenvolvido para trazer mensagens de conforto e consolar cora\u00e7\u00f5es quebrantados pelas perdas de parentes, separa\u00e7\u00f5es, emprego e tantas dificuldades que surgem em nosso mundo nos dias de hoje. Aqui procuramos apresentar palavras de consolo quando as primeiras perguntas s\u00e3o em busca de entender os prop\u00f3sitos de Deus. O site come\u00e7ou como uma &hellip; Continue lendo&hellip; &rarr;\" \/>\n<meta property=\"og:url\" content=\"https:\/\/consolar.org\/?page_id=15\" \/>\n<meta property=\"og:site_name\" content=\"Consolar.org\" \/>\n<meta property=\"article:publisher\" content=\"https:\/\/www.facebook.com\/consolar\" \/>\n<meta property=\"article:modified_time\" content=\"2026-03-13T11:11:02+00:00\" \/>\n<meta property=\"og:image\" content=\"https:\/\/consolar.org\/wp-content\/uploads\/2026\/03\/BannerQuemSomos.png\" \/>\n\t<meta property=\"og:image:width\" content=\"1200\" \/>\n\t<meta property=\"og:image:height\" content=\"580\" \/>\n\t<meta property=\"og:image:type\" content=\"image\/png\" \/>\n<meta name=\"twitter:card\" content=\"summary_large_image\" \/>\n<meta name=\"twitter:label1\" content=\"Est. tempo de leitura\" \/>\n\t<meta name=\"twitter:data1\" content=\"3 minutos\" \/>\n<script type=\"application\/ld+json\" class=\"yoast-schema-graph\">{\"@context\":\"https:\\\/\\\/schema.org\",\"@graph\":[{\"@type\":\"WebPage\",\"@id\":\"https:\\\/\\\/consolar.org\\\/?page_id=15\",\"url\":\"https:\\\/\\\/consolar.org\\\/?page_id=15\",\"name\":\"Quem somos - Consolar.org\",\"isPartOf\":{\"@id\":\"https:\\\/\\\/consolar.org\\\/#website\"},\"primaryImageOfPage\":{\"@id\":\"https:\\\/\\\/consolar.org\\\/?page_id=15#primaryimage\"},\"image\":{\"@id\":\"https:\\\/\\\/consolar.org\\\/?page_id=15#primaryimage\"},\"thumbnailUrl\":\"https:\\\/\\\/consolar.org\\\/wp-content\\\/uploads\\\/2026\\\/03\\\/BannerQuemSomos.png\",\"datePublished\":\"2023-01-19T00:38:13+00:00\",\"dateModified\":\"2026-03-13T11:11:02+00:00\",\"breadcrumb\":{\"@id\":\"https:\\\/\\\/consolar.org\\\/?page_id=15#breadcrumb\"},\"inLanguage\":\"pt-BR\",\"potentialAction\":[{\"@type\":\"ReadAction\",\"target\":[\"https:\\\/\\\/consolar.org\\\/?page_id=15\"]}]},{\"@type\":\"ImageObject\",\"inLanguage\":\"pt-BR\",\"@id\":\"https:\\\/\\\/consolar.org\\\/?page_id=15#primaryimage\",\"url\":\"https:\\\/\\\/consolar.org\\\/wp-content\\\/uploads\\\/2026\\\/03\\\/BannerQuemSomos.png\",\"contentUrl\":\"https:\\\/\\\/consolar.org\\\/wp-content\\\/uploads\\\/2026\\\/03\\\/BannerQuemSomos.png\",\"width\":1200,\"height\":580},{\"@type\":\"BreadcrumbList\",\"@id\":\"https:\\\/\\\/consolar.org\\\/?page_id=15#breadcrumb\",\"itemListElement\":[{\"@type\":\"ListItem\",\"position\":1,\"name\":\"In\u00edcio\",\"item\":\"https:\\\/\\\/consolar.org\\\/\"},{\"@type\":\"ListItem\",\"position\":2,\"name\":\"Quem somos\"}]},{\"@type\":\"WebSite\",\"@id\":\"https:\\\/\\\/consolar.org\\\/#website\",\"url\":\"https:\\\/\\\/consolar.org\\\/\",\"name\":\"Consolar.org\",\"description\":\"Mensagens de conforto e esperan\u00e7a para cora\u00e7\u00f5es que precisam de paz.\",\"publisher\":{\"@id\":\"https:\\\/\\\/consolar.org\\\/#organization\"},\"potentialAction\":[{\"@type\":\"SearchAction\",\"target\":{\"@type\":\"EntryPoint\",\"urlTemplate\":\"https:\\\/\\\/consolar.org\\\/?s={search_term_string}\"},\"query-input\":{\"@type\":\"PropertyValueSpecification\",\"valueRequired\":true,\"valueName\":\"search_term_string\"}}],\"inLanguage\":\"pt-BR\"},{\"@type\":\"Organization\",\"@id\":\"https:\\\/\\\/consolar.org\\\/#organization\",\"name\":\"Consolar.org\",\"url\":\"https:\\\/\\\/consolar.org\\\/\",\"logo\":{\"@type\":\"ImageObject\",\"inLanguage\":\"pt-BR\",\"@id\":\"https:\\\/\\\/consolar.org\\\/#\\\/schema\\\/logo\\\/image\\\/\",\"url\":\"https:\\\/\\\/consolar.org\\\/wp-content\\\/uploads\\\/2026\\\/02\\\/cropped-logonovo03-small.png\",\"contentUrl\":\"https:\\\/\\\/consolar.org\\\/wp-content\\\/uploads\\\/2026\\\/02\\\/cropped-logonovo03-small.png\",\"width\":280,\"height\":142,\"caption\":\"Consolar.org\"},\"image\":{\"@id\":\"https:\\\/\\\/consolar.org\\\/#\\\/schema\\\/logo\\\/image\\\/\"},\"sameAs\":[\"https:\\\/\\\/www.facebook.com\\\/consolar\"]}]}<\/script>\n<!-- \/ Yoast SEO Premium plugin. -->","yoast_head_json":{"title":"Quem somos - Consolar.org","robots":{"index":"index","follow":"follow","max-snippet":"max-snippet:-1","max-image-preview":"max-image-preview:large","max-video-preview":"max-video-preview:-1"},"canonical":"https:\/\/consolar.org\/?page_id=15","og_locale":"pt_BR","og_type":"article","og_title":"Quem somos","og_description":"Este site foi desenvolvido para trazer mensagens de conforto e consolar cora\u00e7\u00f5es quebrantados pelas perdas de parentes, separa\u00e7\u00f5es, emprego e tantas dificuldades que surgem em nosso mundo nos dias de hoje. Aqui procuramos apresentar palavras de consolo quando as primeiras perguntas s\u00e3o em busca de entender os prop\u00f3sitos de Deus. O site come\u00e7ou como uma &hellip; Continue lendo&hellip; &rarr;","og_url":"https:\/\/consolar.org\/?page_id=15","og_site_name":"Consolar.org","article_publisher":"https:\/\/www.facebook.com\/consolar","article_modified_time":"2026-03-13T11:11:02+00:00","og_image":[{"width":1200,"height":580,"url":"https:\/\/consolar.org\/wp-content\/uploads\/2026\/03\/BannerQuemSomos.png","type":"image\/png"}],"twitter_card":"summary_large_image","twitter_misc":{"Est. tempo de leitura":"3 minutos"},"schema":{"@context":"https:\/\/schema.org","@graph":[{"@type":"WebPage","@id":"https:\/\/consolar.org\/?page_id=15","url":"https:\/\/consolar.org\/?page_id=15","name":"Quem somos - Consolar.org","isPartOf":{"@id":"https:\/\/consolar.org\/#website"},"primaryImageOfPage":{"@id":"https:\/\/consolar.org\/?page_id=15#primaryimage"},"image":{"@id":"https:\/\/consolar.org\/?page_id=15#primaryimage"},"thumbnailUrl":"https:\/\/consolar.org\/wp-content\/uploads\/2026\/03\/BannerQuemSomos.png","datePublished":"2023-01-19T00:38:13+00:00","dateModified":"2026-03-13T11:11:02+00:00","breadcrumb":{"@id":"https:\/\/consolar.org\/?page_id=15#breadcrumb"},"inLanguage":"pt-BR","potentialAction":[{"@type":"ReadAction","target":["https:\/\/consolar.org\/?page_id=15"]}]},{"@type":"ImageObject","inLanguage":"pt-BR","@id":"https:\/\/consolar.org\/?page_id=15#primaryimage","url":"https:\/\/consolar.org\/wp-content\/uploads\/2026\/03\/BannerQuemSomos.png","contentUrl":"https:\/\/consolar.org\/wp-content\/uploads\/2026\/03\/BannerQuemSomos.png","width":1200,"height":580},{"@type":"BreadcrumbList","@id":"https:\/\/consolar.org\/?page_id=15#breadcrumb","itemListElement":[{"@type":"ListItem","position":1,"name":"In\u00edcio","item":"https:\/\/consolar.org\/"},{"@type":"ListItem","position":2,"name":"Quem somos"}]},{"@type":"WebSite","@id":"https:\/\/consolar.org\/#website","url":"https:\/\/consolar.org\/","name":"Consolar.org","description":"Mensagens de conforto e esperan\u00e7a para cora\u00e7\u00f5es que precisam de paz.","publisher":{"@id":"https:\/\/consolar.org\/#organization"},"potentialAction":[{"@type":"SearchAction","target":{"@type":"EntryPoint","urlTemplate":"https:\/\/consolar.org\/?s={search_term_string}"},"query-input":{"@type":"PropertyValueSpecification","valueRequired":true,"valueName":"search_term_string"}}],"inLanguage":"pt-BR"},{"@type":"Organization","@id":"https:\/\/consolar.org\/#organization","name":"Consolar.org","url":"https:\/\/consolar.org\/","logo":{"@type":"ImageObject","inLanguage":"pt-BR","@id":"https:\/\/consolar.org\/#\/schema\/logo\/image\/","url":"https:\/\/consolar.org\/wp-content\/uploads\/2026\/02\/cropped-logonovo03-small.png","contentUrl":"https:\/\/consolar.org\/wp-content\/uploads\/2026\/02\/cropped-logonovo03-small.png","width":280,"height":142,"caption":"Consolar.org"},"image":{"@id":"https:\/\/consolar.org\/#\/schema\/logo\/image\/"},"sameAs":["https:\/\/www.facebook.com\/consolar"]}]}},"_links":{"self":[{"href":"https:\/\/consolar.org\/index.php?rest_route=\/wp\/v2\/pages\/15","targetHints":{"allow":["GET"]}}],"collection":[{"href":"https:\/\/consolar.org\/index.php?rest_route=\/wp\/v2\/pages"}],"about":[{"href":"https:\/\/consolar.org\/index.php?rest_route=\/wp\/v2\/types\/page"}],"author":[{"embeddable":true,"href":"https:\/\/consolar.org\/index.php?rest_route=\/wp\/v2\/users\/1"}],"replies":[{"embeddable":true,"href":"https:\/\/consolar.org\/index.php?rest_route=%2Fwp%2Fv2%2Fcomments&post=15"}],"version-history":[{"count":1,"href":"https:\/\/consolar.org\/index.php?rest_route=\/wp\/v2\/pages\/15\/revisions"}],"predecessor-version":[{"id":1212,"href":"https:\/\/consolar.org\/index.php?rest_route=\/wp\/v2\/pages\/15\/revisions\/1212"}],"wp:featuredmedia":[{"embeddable":true,"href":"https:\/\/consolar.org\/index.php?rest_route=\/wp\/v2\/media\/1210"}],"wp:attachment":[{"href":"https:\/\/consolar.org\/index.php?rest_route=%2Fwp%2Fv2%2Fmedia&parent=15"}],"curies":[{"name":"wp","href":"https:\/\/api.w.org\/{rel}","templated":true}]}}